{"id":4789,"date":"2022-11-07T10:22:07","date_gmt":"2022-11-07T15:22:07","guid":{"rendered":"https:\/\/www.immobilierfp.com\/?page_id=4789"},"modified":"2025-07-21T16:00:46","modified_gmt":"2025-07-21T20:00:46","slug":"maison-de-prestige","status":"publish","type":"page","link":"https:\/\/www.immobilierfp.com\/en\/mes-proprietes\/maison-de-prestige\/","title":{"rendered":"Luxury Real Estate"},"content":{"rendered":"<p><section  class=\"bg_normal \"><div class=\"layout-content text-align-left\" style=\"\"><div class=\"content\"><\/p>\n<h1 style=\"text-align: center;\">Your Luxury Real Estate Brokers for Your Prestige Home<\/h1>\n<p>Selling or buying a luxury home requires high-level support. Your expectations are high, and that\u2019s exactly what Pauline Chen and F\u00e9lix Villeneuve understand. Our expectations might even exceed yours\u2014we are extremely demanding. With a constantly refreshed inventory of properties ranging from $1M to $3M, they offer you a tailored experience, combining expertise, elegance, and results.<\/p>\n<h3 style=\"text-align: center;\"><span style=\"font-size: 18pt;\"><strong>About Pauline Chen and F\u00e9lix Villeneuve<\/strong><\/span><\/h3>\n<div style=\"display: flex; align-items: start;\">\n<div style=\"width: 60%;\">\n<ul>\n<li><em><strong>Inventory of luxury homes ranging from $1M to $3M<\/strong><\/em><\/li>\n<li><em><strong>Over $150,000,000 in sales volume<\/strong><\/em><\/li>\n<li><em><strong>Ranked among the top Royal LePage brokers in Canada for over 10 years<\/strong><\/em><\/li>\n<li><em><strong>Top 50 Royal LePage teams<\/strong><\/em><\/li>\n<li><em><strong>A prolific team on the South Shore and in Montreal<\/strong><\/em><\/li>\n<li><em><strong>Luxury real estate brokers specializing in representing demanding buyers and sellers<\/strong><\/em><\/li>\n<\/ul>\n<\/div>\n<div style=\"width: 40%;\"><img decoding=\"async\" style=\"width: 100%;\" src=\"https:\/\/www.immobilierfp.com\/files\/2024\/09\/Photo-equipe-fond-blanc.jpg\" alt=\"F\u00e9lix Villeneuve and Pauline Chen, luxury real estate brokers specializing in prestige homes\" \/><\/div>\n<\/div>\n<hr \/>\n<div style=\"display: flex; align-items: center;\">\n<div style=\"width: 40%; margin-right: 20px;\"><img decoding=\"async\" style=\"width: 100%;\" src=\"https:\/\/www.immobilierfp.com\/files\/2024\/09\/3640-avenue-orient-brossard-4-scaled.jpg\" alt=\"Prestige home in Brossard with ambient lighting\" \/><\/div>\n<div style=\"width: 60%;\">\n<h3 style=\"text-align: left;\">A Leading Team in the Luxury Market<\/h3>\n<p>By choosing Pauline Chen and F\u00e9lix Villeneuve, you <strong>benefit<\/strong> from the expertise of one of the most prolific teams in luxury real estate. With over <strong>$150 million<\/strong> in sales over the past few years, they rank among the <strong>Top 50 Royal LePage teams<\/strong> in Canada. They leave nothing to chance and master the expectations of the most demanding clients. <em><a style=\"color: #0000ff;\" href=\"https:\/\/www.immobilierfp.com\/team\/felix-villeneuve\/\">F\u00e9lix Villeneuve<\/a><\/em> and <em><a style=\"color: #0000ff;\" href=\"https:\/\/www.immobilierfp.com\/team\/pauline-chen\/\">Pauline Chen<\/a><\/em>.<\/p>\n<\/div>\n<\/div>\n<hr \/>\n<div style=\"display: flex; align-items: center;\">\n<div style=\"width: 60%;\">\n<h3 style=\"text-align: left;\">Pauline Chen and F\u00e9lix Villeneuve: Luxury Real Estate Experts<\/h3>\n<p>Pauline Chen and F\u00e9lix Villeneuve are more than just real estate brokers\u2014they are your partners in selling or buying your <strong>luxury home<\/strong>. Their approach is based on a deep understanding of the needs of clients accustomed to complex and strategic transactions.<\/p>\n<ul>\n<li><span style=\"color: #0000ff;\"><a style=\"color: #0000ff;\" href=\"https:\/\/www.immobilierfp.com\/team\/pauline-chen\/\"><strong>Pauline Chen<\/strong> :<\/a><\/span> Graduate with an <strong>MBA from McGill<\/strong>, Pauline has a career in prestigious corporate spheres and international experience. Her mastery of languages and cultures is an asset for high-level negotiations.<\/li>\n<li><span style=\"color: #0000ff;\"><a style=\"color: #0000ff;\" href=\"https:\/\/www.immobilierfp.com\/team\/felix-villeneuve\/\"><strong>F\u00e9lix Villeneuve<\/strong> :<\/a><\/span> Graduate from the \u00c9cole Polytechnique de Montr\u00e9al, F\u00e9lix has experience in structural engineering. He excels in anticipation, structuring, and complex negotiations.<\/li>\n<\/ul>\n<\/div>\n<div style=\"width: 40%; margin-left: 20px;\"><img decoding=\"async\" style=\"width: 100%;\" src=\"https:\/\/www.immobilierfp.com\/files\/2024\/09\/995-Robert-sdb1.jpg\" alt=\"Luxury bathroom in a prestige home\" \/><\/div>\n<\/div>\n<hr \/>\n<div style=\"display: flex; align-items: center;\">\n<div style=\"width: 40%; margin-right: 20px;\"><img decoding=\"async\" style=\"width: 100%;\" src=\"https:\/\/www.immobilierfp.com\/files\/2024\/09\/995-Robert-salon.jpg\" alt=\"Luxury living room in a prestige home\" \/><\/div>\n<div style=\"width: 60%;\">\n<h3 style=\"text-align: left;\">Exceptional Negotiators<\/h3>\n<p>Pauline Chen and F\u00e9lix Villeneuve anticipate and execute each transaction with remarkable precision. Whether you are an expatriate, a business leader, or a celebrity, they understand your expectations and provide a service that meets your high standards.<\/p>\n<\/div>\n<\/div>\n<hr \/>\n<div style=\"display: flex; align-items: center;\">\n<div style=\"width: 60%;\">\n<h3 style=\"text-align: left;\">Luxury Marketing: A Different Strategy<\/h3>\n<p>Choosing a <strong>specialized real estate broker<\/strong> in the luxury market is a strategic decision that maximizes your chances of success. Pauline and F\u00e9lix have a powerful network and expertise that attract qualified buyers. They understand the specificities of the prestige market and use innovative marketing strategies, including high-quality images and videos to showcase your property.<\/p>\n<\/div>\n<div style=\"width: 40%; margin-left: 20px;\"><img decoding=\"async\" class=\"alignnone\" style=\"width: 100%;\" src=\"https:\/\/www.immobilierfp.com\/files\/2024\/08\/cuisine-1-1.jpg\" alt=\"Modern kitchen in a prestige home\" \/><\/div>\n<\/div>\n<hr \/>\n<p><!-- Call to Action Section --><\/p>\n<p style=\"text-align: center; font-size: 1.8em; font-weight: bold;\">Visit our other pages on this topic<\/p>\n<div style=\"display: grid; grid-template-columns: repeat(3, 1fr); gap: 20px; text-align: center; background-color: #e3f2fd; padding: 20px; border-radius: 10px;\">\n<div style=\"display: flex; flex-direction: column; align-items: center;\"><a style=\"text-decoration: none; color: black;\" href=\"https:\/\/www.immobilierfp.com\/sell-luxury-home\/\"><br \/>\n<img decoding=\"async\" class=\"\" style=\"margin-bottom: 10px; width: 100px;\" src=\"https:\/\/www.immobilierfp.com\/files\/2024\/10\/logo-maison-prestige-1.png\" alt=\"Sell a luxury home\" \/><br \/>\nSell a Luxury Home<br \/>\n<\/a><\/div>\n<div style=\"display: flex; flex-direction: column; align-items: center;\"><a style=\"text-decoration: none; color: black;\" href=\"https:\/\/www.immobilierfp.com\/buy-luxury-home\/\"><br \/>\n<img decoding=\"async\" style=\"margin-bottom: 10px; width: 100px;\" src=\"https:\/\/www.immobilierfp.com\/files\/2024\/10\/logo-maison-prestige-1.png\" alt=\"Buy a luxury home\" \/><br \/>\nBuy a Luxury Home<br \/>\n<\/a><\/div>\n<div style=\"display: flex; flex-direction: column; align-items: center;\"><a style=\"text-decoration: none; color: black;\" href=\"https:\/\/www.immobilierfp.com\/blog-luxury-home\/\"><br \/>\n<img decoding=\"async\" style=\"margin-bottom: 10px; width: 100px;\" src=\"https:\/\/www.immobilierfp.com\/files\/2024\/10\/logo-maison-prestige-1.png\" alt=\"What to look for in a luxury home\" \/><br \/>\nBlog: What to Look for in a Luxury Home<br \/>\n<\/a><\/div>\n<\/div>\n<p><!-- Catchy Phrase in Blue Rectangle --><\/p>\n<hr \/>\n<div style=\"background-color: #222b3a; color: white; padding: 20px; text-align: center; border-radius: 10px;\">\n<h2 style=\"font-size: 1.8em;\"><em>You Deserve First Class Accompaniment for Buying or Selling Your Luxury Home !<\/em><\/h2>\n<p style=\"font-size: 1.2em;\"><em>Trust Pauline Chen and F\u00e9lix Villeneuve, luxury real estate experts, to assist you in the process.<\/em><\/p>\n<\/div>\n<p>&nbsp;<\/p>\n<hr \/>\n<p>&nbsp;<\/p>\n<h3 style=\"text-align: center;\">Pauline Chen and Felix Villeneuve | Real Estate Brokers | Royal LePage | Montr\u00e9al | South Shore<\/h3>\n<p>&lt;<\/p>\n<p style=\"text-align: center;\"><strong>7503 Boulevard Taschereau<\/strong><br \/>\n<strong>Brossard, QC, J4Y 1A2<\/strong><br \/>\n<strong>Phone: <a style=\"color: #0000ff;\" href=\"tel:5148879081\">(514) 887-9081<\/a> or <a style=\"color: #0000ff;\" href=\"tel:5142950228\">(514) 295 0228<\/a><\/strong><br \/>\n<strong>Toll-free: <a style=\"color: #0000ff;\" href=\"tel:8332150228\">(833) 215-0228<\/a><\/strong><\/p>\n<p style=\"text-align: center;\"><strong>Pauline Chen: <span style=\"color: #0000ff;\"><a style=\"color: #0000ff;\" href=\"https:\/\/g.page\/r\/CQ3EE-Dce75NEAE\"><em><strong>Click here for Google Profle!<\/strong><\/em><\/a><\/span><\/strong><br \/>\n<strong>Felix Villeneuve: <span style=\"color: #0000ff;\"><a style=\"color: #0000ff;\" href=\"https:\/\/g.page\/r\/CUmfC33L10oQEAE\"><em><strong>Click here for Google Profile!<\/strong><\/em><\/a><\/span><\/strong><br \/>\n<strong>Pauline Chen and Felix Villeneuve Team: <span style=\"color: #0000ff;\"><a style=\"color: #0000ff;\" href=\"https:\/\/g.page\/r\/CTkBNvfwHzhLEBM\"><em><strong>Click here for Google Profile!<\/strong><\/em><\/a><\/span><\/strong><\/p>\n<hr \/>\n<p><\/div><\/div><\/section><\/p>","protected":false},"excerpt":{"rendered":"","protected":false},"author":121,"featured_media":8160,"parent":28,"menu_order":0,"comment_status":"closed","ping_status":"closed","template":"t_listings.php","meta":{"_acf_changed":false,"footnotes":""},"class_list":["post-4789","page","type-page","status-publish","hentry"],"acf":[],"yoast_head":"<!-- This site is optimized with the Yoast SEO plugin v26.7 - https:\/\/yoast.com\/wordpress\/plugins\/seo\/ -->\n<title>Luxury home, South Shore: Your specialized real estate brokers<\/title>\n<meta name=\"description\" content=\"Sell your Luxury home at the best price with Pauline Chen and F\u00e9lix Villeneuve\" \/>\n<meta name=\"robots\" content=\"index, follow, max-snippet:-1, max-image-preview:large, max-video-preview:-1\" \/>\n<link rel=\"canonical\" href=\"https:\/\/www.immobilierfp.com\/en\/mes-proprietes\/maison-de-prestige\/\" \/>\n<meta property=\"og:locale\" content=\"en_US\" \/>\n<meta property=\"og:type\" content=\"article\" \/>\n<meta property=\"og:title\" content=\"Luxury home, South Shore: Your specialized real estate brokers\" \/>\n<meta property=\"og:description\" content=\"Sell your Luxury home at the best price with Pauline Chen and F\u00e9lix Villeneuve\" \/>\n<meta property=\"og:url\" content=\"https:\/\/www.immobilierfp.com\/en\/mes-proprietes\/maison-de-prestige\/\" \/>\n<meta property=\"og:site_name\" content=\"Pauline Chen et Felix Villeneuve - Royal Lepage\" \/>\n<meta property=\"article:publisher\" content=\"https:\/\/www.facebook.com\/Pauline-Chen-et-F%c3%a9lix-Villeneuve-109328867468486\" \/>\n<meta property=\"article:modified_time\" content=\"2025-07-21T20:00:46+00:00\" \/>\n<meta property=\"og:image\" content=\"https:\/\/www.immobilierfp.com\/files\/2024\/10\/Photo-equipe-fond-blanc_LR_logo.jpg\" \/>\n<meta name=\"twitter:card\" content=\"summary_large_image\" \/>\n<meta name=\"twitter:image\" content=\"https:\/\/www.immobilierfp.com\/files\/2024\/10\/Photo-equipe-fond-blanc_LR_logo.jpg\" \/>\n<meta name=\"twitter:site\" content=\"@PaulineFelix11\" \/>\n<meta name=\"twitter:label1\" content=\"Est. reading time\" \/>\n\t<meta name=\"twitter:data1\" content=\"5 minutes\" \/>\n<script type=\"application\/ld+json\" class=\"yoast-schema-graph\">{\"@context\":\"https:\/\/schema.org\",\"@graph\":[{\"@type\":\"WebPage\",\"@id\":\"https:\/\/www.immobilierfp.com\/en\/mes-proprietes\/maison-de-prestige\/\",\"url\":\"https:\/\/www.immobilierfp.com\/en\/mes-proprietes\/maison-de-prestige\/\",\"name\":\"Luxury home, South Shore: Your specialized real estate brokers\",\"isPartOf\":{\"@id\":\"https:\/\/www.immobilierfp.com\/en\/#website\"},\"primaryImageOfPage\":{\"@id\":\"https:\/\/www.immobilierfp.com\/en\/mes-proprietes\/maison-de-prestige\/#primaryimage\"},\"image\":{\"@id\":\"https:\/\/www.immobilierfp.com\/en\/mes-proprietes\/maison-de-prestige\/#primaryimage\"},\"thumbnailUrl\":\"https:\/\/www.immobilierfp.com\/files\/2024\/10\/Photo-equipe-fond-blanc_LR_logo.jpg\",\"datePublished\":\"2022-11-07T15:22:07+00:00\",\"dateModified\":\"2025-07-21T20:00:46+00:00\",\"description\":\"Sell your Luxury home at the best price with Pauline Chen and F\u00e9lix Villeneuve\",\"breadcrumb\":{\"@id\":\"https:\/\/www.immobilierfp.com\/en\/mes-proprietes\/maison-de-prestige\/#breadcrumb\"},\"inLanguage\":\"en-US\",\"potentialAction\":[{\"@type\":\"ReadAction\",\"target\":[\"https:\/\/www.immobilierfp.com\/en\/mes-proprietes\/maison-de-prestige\/\"]}]},{\"@type\":\"ImageObject\",\"inLanguage\":\"en-US\",\"@id\":\"https:\/\/www.immobilierfp.com\/en\/mes-proprietes\/maison-de-prestige\/#primaryimage\",\"url\":\"https:\/\/www.immobilierfp.com\/files\/2024\/10\/Photo-equipe-fond-blanc_LR_logo.jpg\",\"contentUrl\":\"https:\/\/www.immobilierfp.com\/files\/2024\/10\/Photo-equipe-fond-blanc_LR_logo.jpg\",\"width\":1600,\"height\":1100,\"caption\":\"Pauline Chen et F\u00e9lix Villeneuve courtier immobilier \u00e0 Brossard\"},{\"@type\":\"BreadcrumbList\",\"@id\":\"https:\/\/www.immobilierfp.com\/en\/mes-proprietes\/maison-de-prestige\/#breadcrumb\",\"itemListElement\":[{\"@type\":\"ListItem\",\"position\":1,\"name\":\"Accueil\",\"item\":\"https:\/\/www.immobilierfp.com\/en\/\"},{\"@type\":\"ListItem\",\"position\":2,\"name\":\"Nos propri\u00e9t\u00e9s\",\"item\":\"https:\/\/www.immobilierfp.com\/mes-proprietes\/\"},{\"@type\":\"ListItem\",\"position\":3,\"name\":\"Luxury Real Estate\"}]},{\"@type\":\"WebSite\",\"@id\":\"https:\/\/www.immobilierfp.com\/en\/#website\",\"url\":\"https:\/\/www.immobilierfp.com\/en\/\",\"name\":\"Pauline Chen et Felix Villeneuve - Royal Lepage\",\"description\":\"Courtier immobilier Brossard Rive-sud chinois\",\"publisher\":{\"@id\":\"https:\/\/www.immobilierfp.com\/en\/#organization\"},\"potentialAction\":[{\"@type\":\"SearchAction\",\"target\":{\"@type\":\"EntryPoint\",\"urlTemplate\":\"https:\/\/www.immobilierfp.com\/en\/?s={search_term_string}\"},\"query-input\":{\"@type\":\"PropertyValueSpecification\",\"valueRequired\":true,\"valueName\":\"search_term_string\"}}],\"inLanguage\":\"en-US\"},{\"@type\":\"Organization\",\"@id\":\"https:\/\/www.immobilierfp.com\/en\/#organization\",\"name\":\"Pauline Chen - F\u00e9lix Villeneuve, courtiers immobilier Royal Lepage\",\"url\":\"https:\/\/www.immobilierfp.com\/en\/\",\"logo\":{\"@type\":\"ImageObject\",\"inLanguage\":\"en-US\",\"@id\":\"https:\/\/www.immobilierfp.com\/en\/#\/schema\/logo\/image\/\",\"url\":\"https:\/\/www.immobilierfp.com\/files\/2020\/10\/pauline-chen-felix-villeneuve-logo.png\",\"contentUrl\":\"https:\/\/www.immobilierfp.com\/files\/2020\/10\/pauline-chen-felix-villeneuve-logo.png\",\"width\":593,\"height\":228,\"caption\":\"Pauline Chen - F\u00e9lix Villeneuve, courtiers immobilier Royal Lepage\"},\"image\":{\"@id\":\"https:\/\/www.immobilierfp.com\/en\/#\/schema\/logo\/image\/\"},\"sameAs\":[\"https:\/\/www.facebook.com\/Pauline-Chen-et-F\u00e9lix-Villeneuve-109328867468486\",\"https:\/\/x.com\/PaulineFelix11\",\"https:\/\/www.youtube.com\/channel\/UCvUDm7W1rc0nBU5A8bdNb6Q?view_as=subscriber\"]}]}<\/script>\n<!-- \/ Yoast SEO plugin. -->","yoast_head_json":{"title":"Luxury home, South Shore: Your specialized real estate brokers","description":"Sell your Luxury home at the best price with Pauline Chen and F\u00e9lix Villeneuve","robots":{"index":"index","follow":"follow","max-snippet":"max-snippet:-1","max-image-preview":"max-image-preview:large","max-video-preview":"max-video-preview:-1"},"canonical":"https:\/\/www.immobilierfp.com\/en\/mes-proprietes\/maison-de-prestige\/","og_locale":"en_US","og_type":"article","og_title":"Luxury home, South Shore: Your specialized real estate brokers","og_description":"Sell your Luxury home at the best price with Pauline Chen and F\u00e9lix Villeneuve","og_url":"https:\/\/www.immobilierfp.com\/en\/mes-proprietes\/maison-de-prestige\/","og_site_name":"Pauline Chen et Felix Villeneuve - Royal Lepage","article_publisher":"https:\/\/www.facebook.com\/Pauline-Chen-et-F%c3%a9lix-Villeneuve-109328867468486","article_modified_time":"2025-07-21T20:00:46+00:00","og_image":[{"url":"https:\/\/www.immobilierfp.com\/files\/2024\/10\/Photo-equipe-fond-blanc_LR_logo.jpg","type":"","width":"","height":""}],"twitter_card":"summary_large_image","twitter_image":"https:\/\/www.immobilierfp.com\/files\/2024\/10\/Photo-equipe-fond-blanc_LR_logo.jpg","twitter_site":"@PaulineFelix11","twitter_misc":{"Est. reading time":"5 minutes"},"schema":{"@context":"https:\/\/schema.org","@graph":[{"@type":"WebPage","@id":"https:\/\/www.immobilierfp.com\/en\/mes-proprietes\/maison-de-prestige\/","url":"https:\/\/www.immobilierfp.com\/en\/mes-proprietes\/maison-de-prestige\/","name":"Luxury home, South Shore: Your specialized real estate brokers","isPartOf":{"@id":"https:\/\/www.immobilierfp.com\/en\/#website"},"primaryImageOfPage":{"@id":"https:\/\/www.immobilierfp.com\/en\/mes-proprietes\/maison-de-prestige\/#primaryimage"},"image":{"@id":"https:\/\/www.immobilierfp.com\/en\/mes-proprietes\/maison-de-prestige\/#primaryimage"},"thumbnailUrl":"https:\/\/www.immobilierfp.com\/files\/2024\/10\/Photo-equipe-fond-blanc_LR_logo.jpg","datePublished":"2022-11-07T15:22:07+00:00","dateModified":"2025-07-21T20:00:46+00:00","description":"Sell your Luxury home at the best price with Pauline Chen and F\u00e9lix Villeneuve","breadcrumb":{"@id":"https:\/\/www.immobilierfp.com\/en\/mes-proprietes\/maison-de-prestige\/#breadcrumb"},"inLanguage":"en-US","potentialAction":[{"@type":"ReadAction","target":["https:\/\/www.immobilierfp.com\/en\/mes-proprietes\/maison-de-prestige\/"]}]},{"@type":"ImageObject","inLanguage":"en-US","@id":"https:\/\/www.immobilierfp.com\/en\/mes-proprietes\/maison-de-prestige\/#primaryimage","url":"https:\/\/www.immobilierfp.com\/files\/2024\/10\/Photo-equipe-fond-blanc_LR_logo.jpg","contentUrl":"https:\/\/www.immobilierfp.com\/files\/2024\/10\/Photo-equipe-fond-blanc_LR_logo.jpg","width":1600,"height":1100,"caption":"Pauline Chen et F\u00e9lix Villeneuve courtier immobilier \u00e0 Brossard"},{"@type":"BreadcrumbList","@id":"https:\/\/www.immobilierfp.com\/en\/mes-proprietes\/maison-de-prestige\/#breadcrumb","itemListElement":[{"@type":"ListItem","position":1,"name":"Accueil","item":"https:\/\/www.immobilierfp.com\/en\/"},{"@type":"ListItem","position":2,"name":"Nos propri\u00e9t\u00e9s","item":"https:\/\/www.immobilierfp.com\/mes-proprietes\/"},{"@type":"ListItem","position":3,"name":"Luxury Real Estate"}]},{"@type":"WebSite","@id":"https:\/\/www.immobilierfp.com\/en\/#website","url":"https:\/\/www.immobilierfp.com\/en\/","name":"Pauline Chen et Felix Villeneuve - Royal Lepage","description":"Courtier immobilier Brossard Rive-sud chinois","publisher":{"@id":"https:\/\/www.immobilierfp.com\/en\/#organization"},"potentialAction":[{"@type":"SearchAction","target":{"@type":"EntryPoint","urlTemplate":"https:\/\/www.immobilierfp.com\/en\/?s={search_term_string}"},"query-input":{"@type":"PropertyValueSpecification","valueRequired":true,"valueName":"search_term_string"}}],"inLanguage":"en-US"},{"@type":"Organization","@id":"https:\/\/www.immobilierfp.com\/en\/#organization","name":"Pauline Chen - F\u00e9lix Villeneuve, courtiers immobilier Royal Lepage","url":"https:\/\/www.immobilierfp.com\/en\/","logo":{"@type":"ImageObject","inLanguage":"en-US","@id":"https:\/\/www.immobilierfp.com\/en\/#\/schema\/logo\/image\/","url":"https:\/\/www.immobilierfp.com\/files\/2020\/10\/pauline-chen-felix-villeneuve-logo.png","contentUrl":"https:\/\/www.immobilierfp.com\/files\/2020\/10\/pauline-chen-felix-villeneuve-logo.png","width":593,"height":228,"caption":"Pauline Chen - F\u00e9lix Villeneuve, courtiers immobilier Royal Lepage"},"image":{"@id":"https:\/\/www.immobilierfp.com\/en\/#\/schema\/logo\/image\/"},"sameAs":["https:\/\/www.facebook.com\/Pauline-Chen-et-F\u00e9lix-Villeneuve-109328867468486","https:\/\/x.com\/PaulineFelix11","https:\/\/www.youtube.com\/channel\/UCvUDm7W1rc0nBU5A8bdNb6Q?view_as=subscriber"]}]}},"_links":{"self":[{"href":"https:\/\/www.immobilierfp.com\/en\/wp-json\/wp\/v2\/pages\/4789","targetHints":{"allow":["GET"]}}],"collection":[{"href":"https:\/\/www.immobilierfp.com\/en\/wp-json\/wp\/v2\/pages"}],"about":[{"href":"https:\/\/www.immobilierfp.com\/en\/wp-json\/wp\/v2\/types\/page"}],"author":[{"embeddable":true,"href":"https:\/\/www.immobilierfp.com\/en\/wp-json\/wp\/v2\/users\/121"}],"replies":[{"embeddable":true,"href":"https:\/\/www.immobilierfp.com\/en\/wp-json\/wp\/v2\/comments?post=4789"}],"version-history":[{"count":2,"href":"https:\/\/www.immobilierfp.com\/en\/wp-json\/wp\/v2\/pages\/4789\/revisions"}],"predecessor-version":[{"id":8558,"href":"https:\/\/www.immobilierfp.com\/en\/wp-json\/wp\/v2\/pages\/4789\/revisions\/8558"}],"up":[{"embeddable":true,"href":"https:\/\/www.immobilierfp.com\/en\/wp-json\/wp\/v2\/pages\/28"}],"wp:featuredmedia":[{"embeddable":true,"href":"https:\/\/www.immobilierfp.com\/en\/wp-json\/wp\/v2\/media\/8160"}],"wp:attachment":[{"href":"https:\/\/www.immobilierfp.com\/en\/wp-json\/wp\/v2\/media?parent=4789"}],"curies":[{"name":"wp","href":"https:\/\/api.w.org\/{rel}","templated":true}]}}