{"id":28,"date":"2012-05-22T20:43:52","date_gmt":"2012-05-22T20:43:52","guid":{"rendered":"http:\/\/aliquando.id-3.net\/?page_id=28"},"modified":"2025-07-07T11:20:42","modified_gmt":"2025-07-07T15:20:42","slug":"mes-proprietes","status":"publish","type":"page","link":"https:\/\/www.immobilierfp.com\/en\/mes-proprietes\/","title":{"rendered":"Our properties"},"content":{"rendered":"<p><section  class=\"bg_normal \"><div class=\"layout-content text-align-left\" style=\"\"><div class=\"content\"><\/p>\n<h1 style=\"text-align: center;\">Looking for a property on the South Shore?<\/h1>\n<p>Discover the properties offered by Pauline Chen and F\u00e9lix Villeneuve, Real estate brokers. For info: 514-887-9081.<\/p>\n<h2 style=\"text-align: center;\"><em><strong>Visit our property pages by city!<\/strong><\/em><\/h2>\n<div style=\"display: flex; justify-content: center; gap: 40px; text-align: center;\"><a style=\"color: #0000ff;\" href=\"https:\/\/www.immobilierfp.com\/en\/proprietes-par-ville-2\/courtier-immobilier-brossard\/\" target=\"_blank\" rel=\"noopener noreferrer\"><br \/>\n<img decoding=\"async\" style=\"width: 100px;\" src=\"https:\/\/www.immobilierfp.com\/files\/2024\/09\/Brossard-icones-v1.png\" alt=\"Brossard Real Estate Broker - Buy or sell in Brossard\" \/><\/a><a style=\"color: #0000ff;\" href=\"https:\/\/www.immobilierfp.com\/en\/proprietes-par-ville-2\/saint-lambert\/\" target=\"_blank\" rel=\"noopener noreferrer\"><br \/>\n<img decoding=\"async\" style=\"width: 100px;\" src=\"https:\/\/www.immobilierfp.com\/files\/2024\/09\/Saint-Lambert-icones-v1.png\" alt=\"Saint-Lambert Real Estate Broker - Real Estate services in Saint-Lambert\" \/><\/a><a style=\"color: #0000ff;\" href=\"https:\/\/www.immobilierfp.com\/en\/proprietes-par-ville-2\/la-prairie\/\" target=\"_blank\" rel=\"noopener noreferrer\"><br \/>\n<img decoding=\"async\" style=\"width: 100px;\" src=\"https:\/\/www.immobilierfp.com\/files\/2024\/09\/Laprairie-icones-v1.png\" alt=\"La Prairie Real Estate Broker - Real Estate in La Prairie\" \/><\/a><\/div>\n<div style=\"display: flex; justify-content: center; gap: 40px; text-align: center;\"><a style=\"color: #0000ff;\" href=\"https:\/\/www.immobilierfp.com\/en\/proprietes-par-ville-2\/greenfield-park\/\" target=\"_blank\" rel=\"noopener noreferrer\"><br \/>\n<img decoding=\"async\" style=\"width: 100px;\" src=\"https:\/\/www.immobilierfp.com\/files\/2024\/09\/Greenfield-park-icones-v1.png\" alt=\"Greenfield Park Real Estate Broker - Buy or sell in Greenfield Park\" \/><\/a><a style=\"color: #0000ff;\" href=\"https:\/\/www.immobilierfp.com\/en\/proprietes-par-ville-2\/longueuil\/\" target=\"_blank\" rel=\"noopener noreferrer\"><br \/>\n<img decoding=\"async\" style=\"width: 100px;\" src=\"https:\/\/www.immobilierfp.com\/files\/2024\/09\/Longueuil-icones-v1.png\" alt=\"Longueuil Real Estate Broker - Real Estate services in Longueuil\" \/><\/a><a style=\"color: #0000ff;\" href=\"https:\/\/www.immobilierfp.com\/en\/proprietes-par-ville-2\/saint-hubert\/\" target=\"_blank\" rel=\"noopener noreferrer\"><br \/>\n<img decoding=\"async\" style=\"width: 100px;\" src=\"https:\/\/www.immobilierfp.com\/files\/2024\/09\/Saint-hubert-icones-v1.png\" alt=\"Saint-Hubert Real Estate Broker - Buy or sell in Saint-Hubert\" \/><\/a><\/div>\n<div style=\"display: flex; justify-content: center; gap: 40px; text-align: center;\"><a style=\"color: #0000ff;\" href=\"https:\/\/www.immobilierfp.com\/proprietes-par-ville-2\/chambly\/\" target=\"_blank\" rel=\"noopener noreferrer\"><br \/>\n<img decoding=\"async\" style=\"width: 100px;\" src=\"https:\/\/www.immobilierfp.com\/files\/2024\/09\/Chambly-icones-v1.png\" alt=\"Chambly Real Estate Broker - Real Estate in Chambly\" \/><\/a><a style=\"color: #0000ff;\" href=\"https:\/\/www.immobilierfp.com\/en\/proprietes-par-ville-2\/saint-jean-sur-richelieu-2\/\" target=\"_blank\" rel=\"noopener noreferrer\"><br \/>\n<img decoding=\"async\" style=\"width: 100px;\" src=\"https:\/\/www.immobilierfp.com\/files\/2024\/09\/SJSR-icones-v1.png\" alt=\"Saint-Jean-sur-Richelieu Real Estate Broker - Buy or sell in Saint-Jean-sur-Richelieu\" \/><\/a><a style=\"color: #0000ff;\" href=\"https:\/\/www.immobilierfp.com\/en\/proprietes-par-ville-2\/montreal\/\" target=\"_blank\" rel=\"noopener noreferrer\"><br \/>\n<img decoding=\"async\" style=\"width: 100px;\" src=\"https:\/\/www.immobilierfp.com\/files\/2024\/09\/Montreal-icones-v1.png\" alt=\"Montreal Real Estate Broker - Buy or sell in Montreal\" \/><\/a><\/div>\n<p>&nbsp;<\/p>\n<hr \/>\n<p>&nbsp;<\/p>\n<h2 style=\"text-align: center;\">Felix Villeneuve and Pauline Chen, <em>YOUR<\/em> Royal LePage Brokers<\/h2>\n<h2 style=\"text-align: center;\"><em>Work with the best Real Estate Brokers on the South Shore !<\/em><\/h2>\n<div id=\"attachment_5320\" style=\"width: 1124px\" class=\"wp-caption aligncenter\"><a href=\"https:\/\/www.immobilierfp.com\/files\/2022\/05\/banniere-2022-chen-villeneuve-diamant-ENG.jpg\"><img loading=\"lazy\" decoding=\"async\" aria-describedby=\"caption-attachment-5320\" class=\"wp-image-5320\" src=\"https:\/\/www.immobilierfp.com\/files\/2022\/05\/banniere-2022-chen-villeneuve-diamant-ENG.jpg\" alt=\"Presentation of F\u00e9lix Villeneuve and Pauline Chen, real estate brokers in Longueuil\" width=\"1114\" height=\"261\" \/><\/a><p id=\"caption-attachment-5320\" class=\"wp-caption-text\"><a style=\"text-align: center;\">Are you ready for your next real estate project? <br \/>Call us for a free property evaluation, with no obligation!<br \/>Pauline: <\/a><a style=\"color: #0000ff;\" href=\"tel:5148879081\">(514) 887-9081<\/a><a style=\"text-align: center;\">, F\u00e9lix: <\/a><a style=\"color: #0000ff;\" href=\"tel:5142950228\"> (514) 295-0228<\/a><a style=\"text-align: center;\"> Toll-free: <\/a><a style=\"color: #0000ff;\" href=\"tel:8332150228\">(833) 215-0228<\/a><\/p><\/div>\n<p>&nbsp;<\/p>\n<hr \/>\n<p>&nbsp;<\/p>\n<h3 style=\"text-align: center;\">Pauline Chen and Felix Villeneuve | Royal LePage Real Estate Brokers | South Shore<\/h3>\n<p style=\"text-align: center;\"><strong>7503 Taschereau Boulevard<\/strong><br \/>\n<strong>454 Victoria Ave., Saint-Lambert<\/strong><br \/>\n<strong>Phone: <a style=\"color: #0000ff;\" href=\"tel:5148879081\">(514) 887-9081<\/a> or <a style=\"color: #0000ff;\" href=\"tel:5142950228\">(514) 295-0228<\/a><\/strong><br \/>\n<strong>Toll-free: <a style=\"color: #0000ff;\" href=\"tel:8332150228\">(833) 215-0228<\/a><\/strong><\/p>\n<p style=\"text-align: center;\"><strong>Pauline Chen : <span style=\"color: #0000ff;\"><a style=\"color: #0000ff;\" href=\"https:\/\/g.page\/r\/CQ3EE-Dce75NEAE\"><em><strong>Click here to reach Google my Business profile !<\/strong><\/em><\/a><\/span><\/strong><br \/>\n<strong>F\u00e9lix Villeneuve : <span style=\"color: #0000ff;\"><a style=\"color: #0000ff;\" href=\"https:\/\/g.page\/r\/CUmfC33L10oQEAE\"><em><strong>Click here to reach Google my Business profile !<\/strong><\/em><\/a><\/span><\/strong><br \/>\n<strong>Pauline Chen and Felix Villeneuve Team : <span style=\"color: #0000ff;\"><a style=\"color: #0000ff;\" href=\"https:\/\/g.page\/r\/CTkBNvfwHzhLEBM\"><em><strong>Click here to reach Google my Business profile !<\/strong><\/em><\/a><\/span><\/strong><\/p>\n<p>&nbsp;<\/p>\n<hr \/>\n<p><\/div><\/div><\/section><\/p>","protected":false},"excerpt":{"rendered":"","protected":false},"author":1,"featured_media":8160,"parent":0,"menu_order":10,"comment_status":"open","ping_status":"closed","template":"t_listings.php","meta":{"_acf_changed":false,"footnotes":""},"class_list":["post-28","page","type-page","status-publish","hentry"],"acf":[],"yoast_head":"<!-- This site is optimized with the Yoast SEO plugin v26.7 - https:\/\/yoast.com\/wordpress\/plugins\/seo\/ -->\n<title>Maison \u00e0 vendre Rive-Sud | Pauline Chen &amp; F\u00e9lix Villeneuve, Royal Lepage<\/title>\n<meta name=\"description\" content=\"\u00c0 la recherche d&#039;une maison sur la Rive-Sud ? D\u00e9couvrez nos propri\u00e9t\u00e9s par Pauline Chen et F\u00e9lix Villeneuve, courtiers immobiliers. Pour info : 514-887-9081.\" \/>\n<meta name=\"robots\" content=\"index, follow, max-snippet:-1, max-image-preview:large, max-video-preview:-1\" \/>\n<link rel=\"canonical\" href=\"https:\/\/www.immobilierfp.com\/mes-proprietes\/\" \/>\n<meta property=\"og:locale\" content=\"en_US\" \/>\n<meta property=\"og:type\" content=\"article\" \/>\n<meta property=\"og:title\" content=\"Maison \u00e0 vendre Rive-Sud | Pauline Chen &amp; F\u00e9lix Villeneuve, Royal Lepage\" \/>\n<meta property=\"og:description\" content=\"\u00c0 la recherche d&#039;une maison sur la Rive-Sud ? D\u00e9couvrez nos propri\u00e9t\u00e9s par Pauline Chen et F\u00e9lix Villeneuve, courtiers immobiliers. Pour info : 514-887-9081.\" \/>\n<meta property=\"og:url\" content=\"https:\/\/www.immobilierfp.com\/mes-proprietes\/\" \/>\n<meta property=\"og:site_name\" content=\"Pauline Chen et Felix Villeneuve - Royal Lepage\" \/>\n<meta property=\"article:publisher\" content=\"https:\/\/www.facebook.com\/Pauline-Chen-et-F%c3%a9lix-Villeneuve-109328867468486\" \/>\n<meta property=\"article:modified_time\" content=\"2025-07-07T15:20:42+00:00\" \/>\n<meta property=\"og:image\" content=\"https:\/\/www.immobilierfp.com\/files\/2024\/10\/Photo-equipe-fond-blanc_LR_logo.jpg\" \/>\n<meta name=\"twitter:card\" content=\"summary_large_image\" \/>\n<meta name=\"twitter:image\" content=\"https:\/\/www.immobilierfp.com\/files\/2024\/10\/Photo-equipe-fond-blanc_LR_logo.jpg\" \/>\n<meta name=\"twitter:site\" content=\"@PaulineFelix11\" \/>\n<meta name=\"twitter:label1\" content=\"Est. reading time\" \/>\n\t<meta name=\"twitter:data1\" content=\"3 minutes\" \/>\n<script type=\"application\/ld+json\" class=\"yoast-schema-graph\">{\"@context\":\"https:\/\/schema.org\",\"@graph\":[{\"@type\":\"WebPage\",\"@id\":\"https:\/\/www.immobilierfp.com\/mes-proprietes\/\",\"url\":\"https:\/\/www.immobilierfp.com\/mes-proprietes\/\",\"name\":\"Maison \u00e0 vendre Rive-Sud | Pauline Chen & F\u00e9lix Villeneuve, Royal Lepage\",\"isPartOf\":{\"@id\":\"https:\/\/www.immobilierfp.com\/en\/#website\"},\"primaryImageOfPage\":{\"@id\":\"https:\/\/www.immobilierfp.com\/mes-proprietes\/#primaryimage\"},\"image\":{\"@id\":\"https:\/\/www.immobilierfp.com\/mes-proprietes\/#primaryimage\"},\"thumbnailUrl\":\"https:\/\/www.immobilierfp.com\/files\/2024\/10\/Photo-equipe-fond-blanc_LR_logo.jpg\",\"datePublished\":\"2012-05-22T20:43:52+00:00\",\"dateModified\":\"2025-07-07T15:20:42+00:00\",\"description\":\"\u00c0 la recherche d'une maison sur la Rive-Sud ? D\u00e9couvrez nos propri\u00e9t\u00e9s par Pauline Chen et F\u00e9lix Villeneuve, courtiers immobiliers. Pour info : 514-887-9081.\",\"breadcrumb\":{\"@id\":\"https:\/\/www.immobilierfp.com\/mes-proprietes\/#breadcrumb\"},\"inLanguage\":\"en-US\",\"potentialAction\":[{\"@type\":\"ReadAction\",\"target\":[\"https:\/\/www.immobilierfp.com\/mes-proprietes\/\"]}]},{\"@type\":\"ImageObject\",\"inLanguage\":\"en-US\",\"@id\":\"https:\/\/www.immobilierfp.com\/mes-proprietes\/#primaryimage\",\"url\":\"https:\/\/www.immobilierfp.com\/files\/2024\/10\/Photo-equipe-fond-blanc_LR_logo.jpg\",\"contentUrl\":\"https:\/\/www.immobilierfp.com\/files\/2024\/10\/Photo-equipe-fond-blanc_LR_logo.jpg\",\"width\":1600,\"height\":1100,\"caption\":\"Pauline Chen et F\u00e9lix Villeneuve courtier immobilier \u00e0 Brossard\"},{\"@type\":\"BreadcrumbList\",\"@id\":\"https:\/\/www.immobilierfp.com\/mes-proprietes\/#breadcrumb\",\"itemListElement\":[{\"@type\":\"ListItem\",\"position\":1,\"name\":\"Accueil\",\"item\":\"https:\/\/www.immobilierfp.com\/en\/\"},{\"@type\":\"ListItem\",\"position\":2,\"name\":\"Nos propri\u00e9t\u00e9s\"}]},{\"@type\":\"WebSite\",\"@id\":\"https:\/\/www.immobilierfp.com\/en\/#website\",\"url\":\"https:\/\/www.immobilierfp.com\/en\/\",\"name\":\"Pauline Chen et Felix Villeneuve - Royal Lepage\",\"description\":\"Courtier immobilier Brossard Rive-sud chinois\",\"publisher\":{\"@id\":\"https:\/\/www.immobilierfp.com\/en\/#organization\"},\"potentialAction\":[{\"@type\":\"SearchAction\",\"target\":{\"@type\":\"EntryPoint\",\"urlTemplate\":\"https:\/\/www.immobilierfp.com\/en\/?s={search_term_string}\"},\"query-input\":{\"@type\":\"PropertyValueSpecification\",\"valueRequired\":true,\"valueName\":\"search_term_string\"}}],\"inLanguage\":\"en-US\"},{\"@type\":\"Organization\",\"@id\":\"https:\/\/www.immobilierfp.com\/en\/#organization\",\"name\":\"Pauline Chen - F\u00e9lix Villeneuve, courtiers immobilier Royal Lepage\",\"url\":\"https:\/\/www.immobilierfp.com\/en\/\",\"logo\":{\"@type\":\"ImageObject\",\"inLanguage\":\"en-US\",\"@id\":\"https:\/\/www.immobilierfp.com\/en\/#\/schema\/logo\/image\/\",\"url\":\"https:\/\/www.immobilierfp.com\/files\/2020\/10\/pauline-chen-felix-villeneuve-logo.png\",\"contentUrl\":\"https:\/\/www.immobilierfp.com\/files\/2020\/10\/pauline-chen-felix-villeneuve-logo.png\",\"width\":593,\"height\":228,\"caption\":\"Pauline Chen - F\u00e9lix Villeneuve, courtiers immobilier Royal Lepage\"},\"image\":{\"@id\":\"https:\/\/www.immobilierfp.com\/en\/#\/schema\/logo\/image\/\"},\"sameAs\":[\"https:\/\/www.facebook.com\/Pauline-Chen-et-F\u00e9lix-Villeneuve-109328867468486\",\"https:\/\/x.com\/PaulineFelix11\",\"https:\/\/www.youtube.com\/channel\/UCvUDm7W1rc0nBU5A8bdNb6Q?view_as=subscriber\"]}]}<\/script>\n<!-- \/ Yoast SEO plugin. -->","yoast_head_json":{"title":"Maison \u00e0 vendre Rive-Sud | Pauline Chen & F\u00e9lix Villeneuve, Royal Lepage","description":"\u00c0 la recherche d'une maison sur la Rive-Sud ? D\u00e9couvrez nos propri\u00e9t\u00e9s par Pauline Chen et F\u00e9lix Villeneuve, courtiers immobiliers. Pour info : 514-887-9081.","robots":{"index":"index","follow":"follow","max-snippet":"max-snippet:-1","max-image-preview":"max-image-preview:large","max-video-preview":"max-video-preview:-1"},"canonical":"https:\/\/www.immobilierfp.com\/mes-proprietes\/","og_locale":"en_US","og_type":"article","og_title":"Maison \u00e0 vendre Rive-Sud | Pauline Chen & F\u00e9lix Villeneuve, Royal Lepage","og_description":"\u00c0 la recherche d'une maison sur la Rive-Sud ? D\u00e9couvrez nos propri\u00e9t\u00e9s par Pauline Chen et F\u00e9lix Villeneuve, courtiers immobiliers. Pour info : 514-887-9081.","og_url":"https:\/\/www.immobilierfp.com\/mes-proprietes\/","og_site_name":"Pauline Chen et Felix Villeneuve - Royal Lepage","article_publisher":"https:\/\/www.facebook.com\/Pauline-Chen-et-F%c3%a9lix-Villeneuve-109328867468486","article_modified_time":"2025-07-07T15:20:42+00:00","og_image":[{"url":"https:\/\/www.immobilierfp.com\/files\/2024\/10\/Photo-equipe-fond-blanc_LR_logo.jpg","type":"","width":"","height":""}],"twitter_card":"summary_large_image","twitter_image":"https:\/\/www.immobilierfp.com\/files\/2024\/10\/Photo-equipe-fond-blanc_LR_logo.jpg","twitter_site":"@PaulineFelix11","twitter_misc":{"Est. reading time":"3 minutes"},"schema":{"@context":"https:\/\/schema.org","@graph":[{"@type":"WebPage","@id":"https:\/\/www.immobilierfp.com\/mes-proprietes\/","url":"https:\/\/www.immobilierfp.com\/mes-proprietes\/","name":"Maison \u00e0 vendre Rive-Sud | Pauline Chen & F\u00e9lix Villeneuve, Royal Lepage","isPartOf":{"@id":"https:\/\/www.immobilierfp.com\/en\/#website"},"primaryImageOfPage":{"@id":"https:\/\/www.immobilierfp.com\/mes-proprietes\/#primaryimage"},"image":{"@id":"https:\/\/www.immobilierfp.com\/mes-proprietes\/#primaryimage"},"thumbnailUrl":"https:\/\/www.immobilierfp.com\/files\/2024\/10\/Photo-equipe-fond-blanc_LR_logo.jpg","datePublished":"2012-05-22T20:43:52+00:00","dateModified":"2025-07-07T15:20:42+00:00","description":"\u00c0 la recherche d'une maison sur la Rive-Sud ? D\u00e9couvrez nos propri\u00e9t\u00e9s par Pauline Chen et F\u00e9lix Villeneuve, courtiers immobiliers. Pour info : 514-887-9081.","breadcrumb":{"@id":"https:\/\/www.immobilierfp.com\/mes-proprietes\/#breadcrumb"},"inLanguage":"en-US","potentialAction":[{"@type":"ReadAction","target":["https:\/\/www.immobilierfp.com\/mes-proprietes\/"]}]},{"@type":"ImageObject","inLanguage":"en-US","@id":"https:\/\/www.immobilierfp.com\/mes-proprietes\/#primaryimage","url":"https:\/\/www.immobilierfp.com\/files\/2024\/10\/Photo-equipe-fond-blanc_LR_logo.jpg","contentUrl":"https:\/\/www.immobilierfp.com\/files\/2024\/10\/Photo-equipe-fond-blanc_LR_logo.jpg","width":1600,"height":1100,"caption":"Pauline Chen et F\u00e9lix Villeneuve courtier immobilier \u00e0 Brossard"},{"@type":"BreadcrumbList","@id":"https:\/\/www.immobilierfp.com\/mes-proprietes\/#breadcrumb","itemListElement":[{"@type":"ListItem","position":1,"name":"Accueil","item":"https:\/\/www.immobilierfp.com\/en\/"},{"@type":"ListItem","position":2,"name":"Nos propri\u00e9t\u00e9s"}]},{"@type":"WebSite","@id":"https:\/\/www.immobilierfp.com\/en\/#website","url":"https:\/\/www.immobilierfp.com\/en\/","name":"Pauline Chen et Felix Villeneuve - Royal Lepage","description":"Courtier immobilier Brossard Rive-sud chinois","publisher":{"@id":"https:\/\/www.immobilierfp.com\/en\/#organization"},"potentialAction":[{"@type":"SearchAction","target":{"@type":"EntryPoint","urlTemplate":"https:\/\/www.immobilierfp.com\/en\/?s={search_term_string}"},"query-input":{"@type":"PropertyValueSpecification","valueRequired":true,"valueName":"search_term_string"}}],"inLanguage":"en-US"},{"@type":"Organization","@id":"https:\/\/www.immobilierfp.com\/en\/#organization","name":"Pauline Chen - F\u00e9lix Villeneuve, courtiers immobilier Royal Lepage","url":"https:\/\/www.immobilierfp.com\/en\/","logo":{"@type":"ImageObject","inLanguage":"en-US","@id":"https:\/\/www.immobilierfp.com\/en\/#\/schema\/logo\/image\/","url":"https:\/\/www.immobilierfp.com\/files\/2020\/10\/pauline-chen-felix-villeneuve-logo.png","contentUrl":"https:\/\/www.immobilierfp.com\/files\/2020\/10\/pauline-chen-felix-villeneuve-logo.png","width":593,"height":228,"caption":"Pauline Chen - F\u00e9lix Villeneuve, courtiers immobilier Royal Lepage"},"image":{"@id":"https:\/\/www.immobilierfp.com\/en\/#\/schema\/logo\/image\/"},"sameAs":["https:\/\/www.facebook.com\/Pauline-Chen-et-F\u00e9lix-Villeneuve-109328867468486","https:\/\/x.com\/PaulineFelix11","https:\/\/www.youtube.com\/channel\/UCvUDm7W1rc0nBU5A8bdNb6Q?view_as=subscriber"]}]}},"_links":{"self":[{"href":"https:\/\/www.immobilierfp.com\/en\/wp-json\/wp\/v2\/pages\/28","targetHints":{"allow":["GET"]}}],"collection":[{"href":"https:\/\/www.immobilierfp.com\/en\/wp-json\/wp\/v2\/pages"}],"about":[{"href":"https:\/\/www.immobilierfp.com\/en\/wp-json\/wp\/v2\/types\/page"}],"author":[{"embeddable":true,"href":"https:\/\/www.immobilierfp.com\/en\/wp-json\/wp\/v2\/users\/1"}],"replies":[{"embeddable":true,"href":"https:\/\/www.immobilierfp.com\/en\/wp-json\/wp\/v2\/comments?post=28"}],"version-history":[{"count":3,"href":"https:\/\/www.immobilierfp.com\/en\/wp-json\/wp\/v2\/pages\/28\/revisions"}],"predecessor-version":[{"id":8576,"href":"https:\/\/www.immobilierfp.com\/en\/wp-json\/wp\/v2\/pages\/28\/revisions\/8576"}],"wp:featuredmedia":[{"embeddable":true,"href":"https:\/\/www.immobilierfp.com\/en\/wp-json\/wp\/v2\/media\/8160"}],"wp:attachment":[{"href":"https:\/\/www.immobilierfp.com\/en\/wp-json\/wp\/v2\/media?parent=28"}],"curies":[{"name":"wp","href":"https:\/\/api.w.org\/{rel}","templated":true}]}}